{"id":6454,"date":"2020-06-16T17:34:36","date_gmt":"2020-06-16T17:34:36","guid":{"rendered":"https:\/\/kindredcanada.ca\/?page_id=6454"},"modified":"2025-05-21T21:43:04","modified_gmt":"2025-05-22T02:43:04","slug":"join-our-team","status":"publish","type":"page","link":"https:\/\/kindredcanada.ca\/fr\/join-our-team\/","title":{"rendered":"Rejoins notre \u00e9quipe"},"content":{"rendered":"<section class=\"l-section wpb_row us_custom_d46f66cb height_auto with_shape\"><div class=\"l-section-shape type_zigzag pos_bottom hor_flip\"><svg xmlns=\"http:\/\/www.w3.org\/2000\/svg\" viewbox=\"0 0 64 8\" preserveaspectratio=\"none\" width=\"100%\" height=\"100%\">\r\n\t<path fill=\"currentColor\" d=\"M64 8 L0 8 L0 0 L20 7.9 L40 3 L48 5 L64 0 Z\"\/>\r\n<\/svg><\/div><div class=\"l-section-h i-cf\"><div class=\"g-cols vc_row via_flex valign_top type_default\"><div class=\"vc_col-sm-1 wpb_column vc_column_container\"><div class=\"vc_column-inner\"><div class=\"wpb_wrapper\"><\/div><\/div><\/div><div class=\"vc_col-sm-10 wpb_column vc_column_container\"><div class=\"vc_column-inner\"><div class=\"wpb_wrapper\"><div class=\"g-cols wpb_row via_flex valign_top type_default\"><div class=\"vc_col-sm-12 vc_col-sm-offset-0 vc_hidden-xs wpb_column vc_column_container\"><div class=\"vc_column-inner\"><div class=\"wpb_wrapper\"><h1 style=\"text-align: left\" class=\"vc_custom_heading\" >Nous sommes tous dans le m\u00eame bateau.<\/h1><\/div><\/div><\/div><\/div><div class=\"g-cols wpb_row via_flex valign_top type_default\"><div class=\"vc_col-sm-12 vc_hidden-lg vc_hidden-md vc_col-sm-offset-0 vc_hidden-sm wpb_column vc_column_container\"><div class=\"vc_column-inner\"><div class=\"wpb_wrapper\"><h1 style=\"text-align: center\" class=\"vc_custom_heading us_custom_1ac58425\" >Nous sommes tous dans le m\u00eame bateau.<\/h1><div class=\"w-separator size_huge\"><\/div><\/div><\/div><\/div><\/div><div class=\"w-separator size_huge\"><\/div><div class=\"w-separator size_medium\"><\/div><\/div><\/div><\/div><div class=\"vc_col-sm-1 wpb_column vc_column_container\"><div class=\"vc_column-inner\"><div class=\"wpb_wrapper\"><\/div><\/div><\/div><\/div><\/div><\/section><section class=\"l-section wpb_row height_auto\"><div class=\"l-section-h i-cf\"><div class=\"g-cols vc_row via_flex valign_middle type_default\"><div class=\"vc_col-sm-6 wpb_column vc_column_container\"><div class=\"vc_column-inner\"><div class=\"wpb_wrapper\"><\/div><\/div><\/div><div class=\"vc_col-sm-6 vc_col-sm-offset-0 vc_col-xs-offset-1 vc_col-xs-10 wpb_column vc_column_container\"><div class=\"vc_column-inner\"><div class=\"wpb_wrapper\"><div class=\"g-cols wpb_row via_flex valign_top type_default\"><div class=\"vc_col-sm-12 wpb_column vc_column_container has_bg_color\"><div class=\"vc_column-inner us_custom_032308be\"><div class=\"wpb_wrapper\"><div class=\"wpb_text_column\"><div class=\"wpb_wrapper\"><h6>Kindred est compos\u00e9 de personnes qui pensent, agissent et se comportent diff\u00e9remment. Nous appr\u00e9cions une diversit\u00e9 de pens\u00e9e et d&#039;approche. En tant qu&#039;associ\u00e9 de Kindred, nous vous demandons d&#039;\u00eatre vous-m\u00eame et d&#039;apporter votre \u00e9nergie et votre passion au travail tous les jours.<\/h6>\n<\/div><\/div><\/div><\/div><\/div><\/div><\/div><\/div><\/div><\/div><\/div><\/section><section class=\"l-section wpb_row height_auto\"><div class=\"l-section-h i-cf\"><div class=\"g-cols vc_row via_flex valign_top type_default\" style=\"--additional-gap:10px;\"><div class=\"vc_col-sm-1 wpb_column vc_column_container\"><div class=\"vc_column-inner\"><div class=\"wpb_wrapper\"><\/div><\/div><\/div><div class=\"vc_col-sm-10 wpb_column vc_column_container\"><div class=\"vc_column-inner\"><div class=\"wpb_wrapper\"><div class=\"w-separator size_medium\"><\/div><div class=\"g-cols wpb_row via_flex valign_top type_default\"><div class=\"vc_col-sm-12 vc_col-sm-offset-0 vc_hidden-xs wpb_column vc_column_container\"><div class=\"vc_column-inner\"><div class=\"wpb_wrapper\"><h1 style=\"text-align: left\" class=\"vc_custom_heading us_custom_0067188d\" >Vous souhaitez rejoindre notre \u00e9quipe?<\/h1><div class=\"w-separator size_medium\"><\/div><div class=\"w-btn-wrapper align_none\"><a class=\"w-btn us-btn-style_8\" href=\"https:\/\/breakthru.wd5.myworkdayjobs.com\/Kindred-Careers\"><span class=\"w-btn-label\">Voir nos listes d&#039;emplois<\/span><\/a><\/div><\/div><\/div><\/div><\/div><div class=\"g-cols wpb_row via_flex valign_top type_default\"><div class=\"vc_col-sm-12 vc_hidden-lg vc_hidden-md vc_col-sm-offset-0 vc_hidden-sm wpb_column vc_column_container\"><div class=\"vc_column-inner\"><div class=\"wpb_wrapper\"><h1 style=\"text-align: center\" class=\"vc_custom_heading us_custom_0067188d\" >Vous souhaitez rejoindre notre \u00e9quipe?<\/h1><div class=\"w-btn-wrapper align_center\"><a class=\"w-btn us-btn-style_8\" href=\"https:\/\/breakthru.wd5.myworkdayjobs.com\/Kindred-Careers\"><span class=\"w-btn-label\">Voir nos listes d&#039;emplois<\/span><\/a><\/div><\/div><\/div><\/div><\/div><div class=\"w-separator size_large\"><\/div><\/div><\/div><\/div><\/div><\/div><\/section>","protected":false},"excerpt":{"rendered":"Nous sommes tous dans le m\u00eame bateau. Nous sommes tous dans le m\u00eame bateau. Kindred est compos\u00e9 d&#039;individus qui pensent, agissent et se comportent diff\u00e9remment. Nous valorisons une diversit\u00e9 de pens\u00e9e et d&#039;approche. En tant qu&#039;associ\u00e9 Kindred, nous vous demandons d&#039;\u00eatre vous-m\u00eame et d&#039;apporter votre \u00e9nergie et votre passion au travail chaque jour. Int\u00e9ress\u00e9 \u00e0 rejoindre notre \u00e9quipe?Voir notre emploi...","protected":false},"author":1,"featured_media":0,"parent":0,"menu_order":0,"comment_status":"closed","ping_status":"closed","template":"","meta":{"_acf_changed":false,"_exactmetrics_skip_tracking":false,"_exactmetrics_sitenote_active":false,"_exactmetrics_sitenote_note":"","_exactmetrics_sitenote_category":0,"footnotes":""},"class_list":["post-6454","page","type-page","status-publish","hentry"],"acf":[],"_links":{"self":[{"href":"https:\/\/kindredcanada.ca\/fr\/wp-json\/wp\/v2\/pages\/6454"}],"collection":[{"href":"https:\/\/kindredcanada.ca\/fr\/wp-json\/wp\/v2\/pages"}],"about":[{"href":"https:\/\/kindredcanada.ca\/fr\/wp-json\/wp\/v2\/types\/page"}],"author":[{"embeddable":true,"href":"https:\/\/kindredcanada.ca\/fr\/wp-json\/wp\/v2\/users\/1"}],"replies":[{"embeddable":true,"href":"https:\/\/kindredcanada.ca\/fr\/wp-json\/wp\/v2\/comments?post=6454"}],"version-history":[{"count":20,"href":"https:\/\/kindredcanada.ca\/fr\/wp-json\/wp\/v2\/pages\/6454\/revisions"}],"predecessor-version":[{"id":9078,"href":"https:\/\/kindredcanada.ca\/fr\/wp-json\/wp\/v2\/pages\/6454\/revisions\/9078"}],"wp:attachment":[{"href":"https:\/\/kindredcanada.ca\/fr\/wp-json\/wp\/v2\/media?parent=6454"}],"curies":[{"name":"wp","href":"https:\/\/api.w.org\/{rel}","templated":true}]}}