{"id":4828,"date":"2020-06-09T12:00:51","date_gmt":"2020-06-09T12:00:51","guid":{"rendered":"http:\/\/impreza3.us-themes.com\/?page_id=4828"},"modified":"2024-02-21T12:10:22","modified_gmt":"2024-02-21T18:10:22","slug":"connect-with-us","status":"publish","type":"page","link":"https:\/\/kindredcanada.ca\/fr\/connect-with-us\/","title":{"rendered":"Connecte-toi avec nous"},"content":{"rendered":"<section class=\"l-section wpb_row height_auto color_alternate with_img parallax_ver with_shape\"><div class=\"l-section-img\" style=\"background-image: url(https:\/\/kindredcanada.ca\/wp-content\/uploads\/grow.jpg);background-position: top center;\" data-img-width=\"1920\" data-img-height=\"1280\"><\/div><div class=\"l-section-overlay\" style=\"background:rgba(26,26,26,0.60)\"><\/div><div class=\"l-section-shape type_zigzag pos_bottom\"><svg xmlns=\"http:\/\/www.w3.org\/2000\/svg\" viewBox=\"0 0 64 8\" preserveAspectRatio=\"none\" width=\"100%\" height=\"100%\">\r\n\t<path fill=\"currentColor\" d=\"M64 8 L0 8 L0 0 L20 7.9 L40 3 L48 5 L64 0 Z\"\/>\r\n<\/svg><\/div><div class=\"l-section-h i-cf\"><div class=\"g-cols vc_row via_flex valign_middle type_default\"><div class=\"vc_col-sm-1 wpb_column vc_column_container\"><div class=\"vc_column-inner\"><div class=\"wpb_wrapper\"><\/div><\/div><\/div><div class=\"vc_col-sm-10 wpb_column vc_column_container\"><div class=\"vc_column-inner\"><div class=\"wpb_wrapper\"><div class=\"g-cols wpb_row via_flex valign_top type_default\"><div class=\"vc_col-sm-12 vc_col-sm-offset-0 vc_hidden-xs wpb_column vc_column_container\"><div class=\"vc_column-inner\"><div class=\"wpb_wrapper\"><h1 style=\"text-align: left\" class=\"vc_custom_heading\" >Connect<br \/>\nWith Us<\/h1><\/div><\/div><\/div><\/div><div class=\"g-cols wpb_row via_flex valign_top type_default\"><div class=\"vc_col-sm-12 vc_hidden-lg vc_hidden-md vc_col-sm-offset-0 vc_hidden-sm wpb_column vc_column_container\"><div class=\"vc_column-inner\"><div class=\"wpb_wrapper\"><h1 style=\"text-align: center\" class=\"vc_custom_heading us_custom_1ac58425\" >Connect<br \/>\nWith Us<\/h1><div class=\"w-separator size_huge\"><\/div><\/div><\/div><\/div><\/div><div class=\"w-separator size_huge\"><\/div><\/div><\/div><\/div><div class=\"vc_col-sm-1 wpb_column vc_column_container\"><div class=\"vc_column-inner\"><div class=\"wpb_wrapper\"><\/div><\/div><\/div><\/div><\/div><\/section><section class=\"l-section wpb_row height_auto\"><div class=\"l-section-h i-cf\"><div class=\"g-cols vc_row via_flex valign_top type_default\" style=\"--additional-gap:10px;\"><div class=\"vc_col-sm-1 wpb_column vc_column_container\"><div class=\"vc_column-inner\"><div class=\"wpb_wrapper\"><\/div><\/div><\/div><div class=\"vc_col-sm-5 vc_hidden-lg vc_hidden-md vc_col-sm-offset-0 vc_hidden-sm vc_col-xs-offset-1 vc_col-xs-10 wpb_column vc_column_container\"><div class=\"vc_column-inner\"><div class=\"wpb_wrapper\"><div class=\"g-cols wpb_row via_flex valign_top type_default\"><div class=\"vc_col-sm-12 wpb_column vc_column_container address-bc has_bg_color\"><div class=\"vc_column-inner us_custom_78d1ac33\"><div class=\"wpb_wrapper\"><h4 style=\"text-align: center\" class=\"vc_custom_heading\" >Ontario Office<\/h4><div class=\"w-iconbox iconpos_left style_default color_primary align_left no_title\"><div class=\"w-iconbox-icon\" style=\"font-size:2rem;\"><i class=\"fal fa-map-marker-alt\"><\/i><\/div><div class=\"w-iconbox-meta\"><div class=\"w-iconbox-text\"><h2>134 Peter Street<br \/>\nToronto, ON, M5V 2H2<\/h2>\n<\/div><\/div><\/div><div class=\"w-separator size_small\"><\/div><div class=\"w-iconbox iconpos_left style_default color_primary align_left no_text\"><div class=\"w-iconbox-icon\" style=\"font-size:2rem;\"><i class=\"fal fa-envelope\"><\/i><\/div><div class=\"w-iconbox-meta\"><h2 class=\"w-iconbox-title\">info@kindredcanada.ca<\/h2><\/div><\/div><\/div><\/div><\/div><\/div><\/div><\/div><\/div><\/div><\/div><\/section><section class=\"l-section wpb_row us_custom_8441e945 height_auto\"><div class=\"l-section-h i-cf\"><div class=\"g-cols vc_row via_flex valign_top type_default\"><div class=\"vc_col-sm-12 wpb_column vc_column_container\"><div class=\"vc_column-inner\"><div class=\"wpb_wrapper\"><div class=\"g-cols wpb_row via_flex valign_top type_default\"><div class=\"vc_col-sm-5 wpb_column vc_column_container\"><div class=\"vc_column-inner\"><div class=\"wpb_wrapper\"><\/div><\/div><\/div><div class=\"vc_col-sm-6 wpb_column vc_column_container\"><div class=\"vc_column-inner\"><div class=\"wpb_wrapper\"><div class=\"w-map provider_google\" id=\"us_map_1\"><div class=\"w-map-json\" onclick='return {&quot;address&quot;:&quot;134 Peter Street, Toronto, Ontario M5V 2H2&quot;,&quot;zoom&quot;:13,&quot;hideControls&quot;:1,&quot;disableZoom&quot;:1,&quot;disableDragging&quot;:1,&quot;markers&quot;:[{&quot;address&quot;:&quot;134 Peter Street, Toronto, Ontario M5V 2H2&quot;,&quot;html&quot;:&quot;&lt;h6&gt;Ontario Office&lt;\\\/h6&gt;&quot;,&quot;infowindow&quot;:false}],&quot;maptype&quot;:&quot;ROADMAP&quot;}'><\/div><div class=\"w-map-style-json\" onclick='return [\n    {\n        \"featureType\": \"administrative\",\n        \"elementType\": \"all\",\n        \"stylers\": [\n            {\n                \"saturation\": \"-100\"\n            }\n        ]\n    },\n    {\n        \"featureType\": \"administrative.province\",\n        \"elementType\": \"all\",\n        \"stylers\": [\n            {\n                \"visibility\": \"off\"\n            }\n        ]\n    },\n    {\n        \"featureType\": \"landscape\",\n        \"elementType\": \"all\",\n        \"stylers\": [\n            {\n                \"saturation\": -100\n            },\n            {\n                \"lightness\": 65\n            },\n            {\n                \"visibility\": \"on\"\n            }\n        ]\n    },\n    {\n        \"featureType\": \"poi\",\n        \"elementType\": \"all\",\n        \"stylers\": [\n            {\n                \"saturation\": -100\n            },\n            {\n                \"lightness\": \"50\"\n            },\n            {\n                \"visibility\": \"simplified\"\n            }\n        ]\n    },\n    {\n        \"featureType\": \"road\",\n        \"elementType\": \"all\",\n        \"stylers\": [\n            {\n                \"saturation\": \"-100\"\n            }\n        ]\n    },\n    {\n        \"featureType\": \"road.highway\",\n        \"elementType\": \"all\",\n        \"stylers\": [\n            {\n                \"visibility\": \"simplified\"\n            }\n        ]\n    },\n    {\n        \"featureType\": \"road.arterial\",\n        \"elementType\": \"all\",\n        \"stylers\": [\n            {\n                \"lightness\": \"30\"\n            }\n        ]\n    },\n    {\n        \"featureType\": \"road.local\",\n        \"elementType\": \"all\",\n        \"stylers\": [\n            {\n                \"lightness\": \"40\"\n            }\n        ]\n    },\n    {\n        \"featureType\": \"transit\",\n        \"elementType\": \"all\",\n        \"stylers\": [\n            {\n                \"saturation\": -100\n            },\n            {\n                \"visibility\": \"simplified\"\n            }\n        ]\n    },\n    {\n        \"featureType\": \"water\",\n        \"elementType\": \"geometry\",\n        \"stylers\": [\n            {\n                \"hue\": \"#ffff00\"\n            },\n            {\n                \"lightness\": -25\n            },\n            {\n                \"saturation\": -97\n            }\n        ]\n    },\n    {\n        \"featureType\": \"water\",\n        \"elementType\": \"labels\",\n        \"stylers\": [\n            {\n                \"lightness\": -25\n            },\n            {\n                \"saturation\": -100\n            }\n        ]\n    }\n]'><\/div><\/div><\/div><\/div><\/div><\/div><\/div><\/div><\/div><\/div><\/div><\/section><section class=\"l-section wpb_row height_auto\"><div class=\"l-section-h i-cf\"><div class=\"g-cols vc_row via_flex valign_top type_default\" style=\"--additional-gap:10px;\"><div class=\"vc_col-sm-1 wpb_column vc_column_container\"><div class=\"vc_column-inner\"><div class=\"wpb_wrapper\"><\/div><\/div><\/div><div class=\"vc_col-sm-5 vc_col-sm-offset-0 vc_hidden-xs wpb_column vc_column_container\"><div class=\"vc_column-inner\"><div class=\"wpb_wrapper\"><div class=\"g-cols wpb_row via_flex valign_top type_default\"><div class=\"vc_col-sm-12 wpb_column vc_column_container address-bc has_bg_color\"><div class=\"vc_column-inner us_custom_990bc7a1\"><div class=\"wpb_wrapper\"><h4 style=\"text-align: left\" class=\"vc_custom_heading\" >Ontario Office<\/h4><div class=\"w-iconbox iconpos_left style_default color_primary align_left no_title\"><div class=\"w-iconbox-icon\" style=\"font-size:2rem;\"><i class=\"fal fa-map-marker-alt\"><\/i><\/div><div class=\"w-iconbox-meta\"><div class=\"w-iconbox-text\"><h2>134 Peter Street Toronto, ON, M5V 2H2<\/h2>\n<\/div><\/div><\/div><div class=\"w-separator size_small\"><\/div><div class=\"w-iconbox iconpos_left style_default color_primary align_left no_text\"><div class=\"w-iconbox-icon\" style=\"font-size:2rem;\"><i class=\"fal fa-envelope\"><\/i><\/div><div class=\"w-iconbox-meta\"><h2 class=\"w-iconbox-title\">info@kindredcanada.ca<\/h2><\/div><\/div><\/div><\/div><\/div><\/div><\/div><\/div><\/div><\/div><\/div><\/section><section class=\"l-section wpb_row height_auto with_img parallax_ver with_shape\"><div class=\"l-section-img\" style=\"background-image: url(https:\/\/kindredcanada.ca\/wp-content\/uploads\/connect-bottom.jpg);background-repeat: no-repeat;\" data-img-width=\"1920\" data-img-height=\"1280\"><\/div><div class=\"l-section-shape type_triangle-2-inv pos_top hor_flip\"><svg xmlns=\"http:\/\/www.w3.org\/2000\/svg\" viewBox=\"0 0 64 8\" preserveAspectRatio=\"none\" width=\"100%\" height=\"100%\">\r\n\t<path fill=\"currentColor\" d=\"M64 9 L0 9 L0 7.9 L48 0 L64 7.9 Z\"\/>\r\n<\/svg><\/div><div class=\"l-section-h i-cf\"><div class=\"g-cols vc_row via_flex valign_top type_default\" style=\"--additional-gap:10px;\"><div class=\"vc_col-sm-1 wpb_column vc_column_container\"><div class=\"vc_column-inner\"><div class=\"wpb_wrapper\"><\/div><\/div><\/div><div class=\"vc_col-sm-6 wpb_column vc_column_container\"><div class=\"vc_column-inner\"><div class=\"wpb_wrapper\"><div class=\"w-separator size_huge\"><\/div><div class=\"w-separator size_huge\"><\/div><h1 style=\"text-align: left\" class=\"vc_custom_heading\" >Let\u2019s grow<br \/>\ntogether.<\/h1><div class=\"wpb_text_column\"><div class=\"wpb_wrapper\"><h6>We\u2019re always looking for new opportunities to grow the cannabis industry. Let us know how we can partner together using the contact form.<\/h6>\n<\/div><\/div><\/div><\/div><\/div><div class=\"vc_col-sm-5 wpb_column vc_column_container\"><div class=\"vc_column-inner\"><div class=\"wpb_wrapper\"><div class=\"g-cols wpb_row via_flex valign_top type_default\"><div class=\"vc_col-sm-12 vc_col-sm-offset-0 vc_hidden-xs wpb_column vc_column_container\"><div class=\"vc_column-inner\"><div class=\"wpb_wrapper\"><div class=\"w-separator size_huge\"><\/div><div class=\"w-separator size_huge\"><\/div><div class=\"w-separator size_huge\"><\/div><div class=\"wpb_text_column\"><div class=\"wpb_wrapper\"><div class=\"wpforms-container wpforms-container-full w-form-h\" id=\"wpforms-8762\"><form id=\"wpforms-form-8762\" class=\"wpforms-validate wpforms-form wpforms-ajax-form\" data-formid=\"8762\" method=\"post\" enctype=\"multipart\/form-data\" action=\"\/fr\/wp-json\/wp\/v2\/pages\/4828\" data-token=\"69b623a0bf27afd5d47f850fabc010f6\" data-token-time=\"1775468121\"><noscript class=\"wpforms-error-noscript\">Please enable JavaScript in your browser to complete this form.<\/noscript><div class=\"wpforms-field-container\"><div id=\"wpforms-8762-field_0-container\" class=\"wpforms-field wpforms-field-name wpforms-one-half wpforms-first wp-forms-name\" data-field-id=\"0\"><label class=\"wpforms-field-label wpforms-label-hide\" for=\"wpforms-8762-field_0\">Name <span class=\"wpforms-required-label\">*<\/span><\/label><input type=\"text\" id=\"wpforms-8762-field_0\" class=\"wpforms-field-large wpforms-field-required\" name=\"wpforms[fields][0]\" placeholder=\"Name\" required><\/div><div id=\"wpforms-8762-field_1-container\" class=\"wpforms-field wpforms-field-email wpforms-one-half wpforms-last wp-forms-email\" data-field-id=\"1\"><label class=\"wpforms-field-label wpforms-label-hide\" for=\"wpforms-8762-field_1\">Email <span class=\"wpforms-required-label\">*<\/span><\/label><input type=\"email\" id=\"wpforms-8762-field_1\" class=\"wpforms-field-large wpforms-field-required\" name=\"wpforms[fields][1]\" placeholder=\"Email \" spellcheck=\"false\" required><\/div><div id=\"wpforms-8762-field_2-container\" class=\"wpforms-field wpforms-field-textarea wp-forms-message\" data-field-id=\"2\"><label class=\"wpforms-field-label wpforms-label-hide\" for=\"wpforms-8762-field_2\">Message <span class=\"wpforms-required-label\">*<\/span><\/label><textarea id=\"wpforms-8762-field_2\" class=\"wpforms-field-large wpforms-field-required\" name=\"wpforms[fields][2]\" placeholder=\"Message\" required><\/textarea><\/div><\/div><!-- .wpforms-field-container --><div class=\"wpforms-field wpforms-field-hp\"><label for=\"wpforms-8762-field-hp\" class=\"wpforms-field-label\">Email<\/label><input type=\"text\" name=\"wpforms[hp]\" id=\"wpforms-8762-field-hp\" class=\"wpforms-field-medium\"><\/div><div class=\"wpforms-submit-container\" ><input type=\"hidden\" name=\"wpforms[id]\" value=\"8762\"><input type=\"hidden\" name=\"page_title\" value=\"\"><input type=\"hidden\" name=\"page_url\" value=\"https:\/\/kindredcanada.ca\/fr\/wp-json\/wp\/v2\/pages\/4828\"><input type=\"hidden\" name=\"url_referer\" value=\"\"><button type=\"submit\" name=\"wpforms[submit]\" id=\"wpforms-submit-8762\" class=\"wpforms-submit w-btn us-btn-style_1\" data-alt-text=\"Sending...\" data-submit-text=\"Send Message\" aria-live=\"assertive\" value=\"wpforms-submit\">Send Message<\/button><img loading=\"lazy\" decoding=\"async\" src=\"https:\/\/kindredcanada.ca\/wp-content\/plugins\/wpforms-lite\/assets\/images\/submit-spin.svg\" class=\"wpforms-submit-spinner\" style=\"display: none;\" width=\"26\" height=\"26\" alt=\"Loading\"><\/div><\/form><\/div>  <!-- .wpforms-container -->\n<\/div><\/div><\/div><\/div><\/div><\/div><\/div><\/div><\/div><div class=\"vc_col-sm-12 wpb_column vc_column_container\"><div class=\"vc_column-inner\"><div class=\"wpb_wrapper\"><div class=\"w-separator size_large\"><\/div><\/div><\/div><\/div><\/div><\/div><\/section>\n","protected":false},"excerpt":{"rendered":"Communiquez avec nousCommuniquez avec nousBureau de l&#039;Ontario 134 Peter Street Toronto, ON, M5V 2H2 info@kindredcanada.caBureau de l&#039;Ontario 134 Peter Street Toronto, ON, M5V 2H2 info@kindredcanada.ca Grandissons ensemble. Nous sommes toujours \u00e0 la recherche de nouvelles opportunit\u00e9s pour d\u00e9velopper l&#039;industrie du cannabis. Faites-nous savoir comment nous pouvons nous associer en utilisant le formulaire de contact. Veuillez activer JavaScript dans votre navigateur...","protected":false},"author":1,"featured_media":0,"parent":0,"menu_order":0,"comment_status":"closed","ping_status":"closed","template":"","meta":{"_acf_changed":false,"_exactmetrics_skip_tracking":false,"_exactmetrics_sitenote_active":false,"_exactmetrics_sitenote_note":"","_exactmetrics_sitenote_category":0,"footnotes":""},"class_list":["post-4828","page","type-page","status-publish","hentry"],"acf":[],"_links":{"self":[{"href":"https:\/\/kindredcanada.ca\/fr\/wp-json\/wp\/v2\/pages\/4828"}],"collection":[{"href":"https:\/\/kindredcanada.ca\/fr\/wp-json\/wp\/v2\/pages"}],"about":[{"href":"https:\/\/kindredcanada.ca\/fr\/wp-json\/wp\/v2\/types\/page"}],"author":[{"embeddable":true,"href":"https:\/\/kindredcanada.ca\/fr\/wp-json\/wp\/v2\/users\/1"}],"replies":[{"embeddable":true,"href":"https:\/\/kindredcanada.ca\/fr\/wp-json\/wp\/v2\/comments?post=4828"}],"version-history":[{"count":52,"href":"https:\/\/kindredcanada.ca\/fr\/wp-json\/wp\/v2\/pages\/4828\/revisions"}],"predecessor-version":[{"id":9053,"href":"https:\/\/kindredcanada.ca\/fr\/wp-json\/wp\/v2\/pages\/4828\/revisions\/9053"}],"wp:attachment":[{"href":"https:\/\/kindredcanada.ca\/fr\/wp-json\/wp\/v2\/media?parent=4828"}],"curies":[{"name":"wp","href":"https:\/\/api.w.org\/{rel}","templated":true}]}}